{"id":2123,"date":"2024-12-17T17:51:32","date_gmt":"2024-12-17T22:51:32","guid":{"rendered":"https:\/\/tecnofactory.com.com\/?page_id=2123"},"modified":"2025-03-20T14:54:15","modified_gmt":"2025-03-20T19:54:15","slug":"politica-de-privacidad","status":"publish","type":"page","link":"https:\/\/tecnofactory.com.co\/en\/politica-de-privacidad\/","title":{"rendered":"Privacy Notice"},"content":{"rendered":"<div data-elementor-type=\"wp-page\" data-elementor-id=\"2123\" class=\"elementor elementor-2123\">\n\t\t\t\t<div class=\"elementor-element elementor-element-a19d951 e-con-full e-flex wpr-jarallax-no wpr-parallax-no wpr-sticky-section-no e-con e-parent\" data-id=\"a19d951\" data-element_type=\"container\" data-settings=\"{&quot;background_background&quot;:&quot;video&quot;,&quot;background_video_link&quot;:&quot;https:\\\/\\\/tecnofactory.com.co\\\/wp-content\\\/uploads\\\/2025\\\/02\\\/3TF.mp4&quot;,&quot;background_privacy_mode&quot;:&quot;yes&quot;,&quot;background_play_on_mobile&quot;:&quot;yes&quot;}\">\n\t\t<div class=\"elementor-background-video-container\">\n\t\t\t\t\t\t\t<video class=\"elementor-background-video-hosted\" autoplay muted playsinline loop><\/video>\n\t\t\t\t\t<\/div>\t\t<div class=\"elementor-element elementor-element-03d302d elementor-invisible elementor-widget elementor-widget-heading\" data-id=\"03d302d\" data-element_type=\"widget\" data-settings=\"{&quot;_animation&quot;:&quot;fadeInRight&quot;,&quot;_animation_delay&quot;:100}\" data-widget_type=\"heading.default\">\n\t\t\t\t<div class=\"elementor-widget-container\">\n\t\t\t\t\t<h2 class=\"elementor-heading-title elementor-size-default\">Privacy Notice<\/h2>\t\t\t\t<\/div>\n\t\t\t\t<\/div>\n\t\t\t\t<div class=\"elementor-element elementor-element-8e58558 elementor-widget__width-initial elementor-widget elementor-widget-text-editor\" data-id=\"8e58558\" data-element_type=\"widget\" data-widget_type=\"text-editor.default\">\n\t\t\t\t<div class=\"elementor-widget-container\">\n\t\t\t\t\t\t\t\t\t<p>For Tecnofactory S.A.S. BIC, the preservation, protection, and integrity of the personal data you have provided to us is very important.<\/p>\t\t\t\t\t\t\t\t<\/div>\n\t\t\t\t<\/div>\n\t\t\t\t<\/div>\n\t\t<div class=\"elementor-element elementor-element-0c7442f e-flex e-con-boxed wpr-particle-no wpr-jarallax-no wpr-parallax-no wpr-sticky-section-no e-con e-parent\" data-id=\"0c7442f\" data-element_type=\"container\">\n\t\t\t\t\t<div class=\"e-con-inner\">\n\t\t\t\t<div class=\"elementor-element elementor-element-6f468dd elementor-widget elementor-widget-text-editor\" data-id=\"6f468dd\" data-element_type=\"widget\" data-widget_type=\"text-editor.default\">\n\t\t\t\t<div class=\"elementor-widget-container\">\n\t\t\t\t\t\t\t\t\t<p>Aviso de privacidad de tecnofactory<\/p>\t\t\t\t\t\t\t\t<\/div>\n\t\t\t\t<\/div>\n\t\t\t\t<div class=\"elementor-element elementor-element-b468f54 elementor-widget elementor-widget-text-editor\" data-id=\"b468f54\" data-element_type=\"widget\" data-widget_type=\"text-editor.default\">\n\t\t\t\t<div class=\"elementor-widget-container\">\n\t\t\t\t\t\t\t\t\t<p class=\"translation-block\"><strong>Tecnofactory S.A.S.-BIC.<\/strong>, with NIT 901184760-7, with contractual address Carrera 13 No. 96-67. Office 309, Bogot\u00e1 D.C., telephone +57 601 7434850, and email comercial@tecnofactory.com.co, in compliance with the Statutory Law on Habeas Data \u2013 Law 1581 of 2012, its Regulatory Decree 1377 of 2013, and any regulations that complement, add to, or modify them, we hereby inform all collaborators, clients, suppliers, and individuals or legal entities that, in compliance with our <strong>Personal Data Protection Policy<\/strong> and in order to safeguard the fundamental rights of the exercise of habeas data, the personal data provided by the data subjects will be used in the performance of the company's functions in accordance with the legal relationship held with each of these.<\/p><p class=\"translation-block\">For <strong>Tecnofactory S.A.S.-BIC<\/strong>, committed to the strictest compliance with the law and the protection of individuals' rights, such as habeas data, privacy, intimacy, good name, and image; and in furtherance of our policy of total responsibility, the preservation, protection, and integrity of the personal data you have provided to us is very important.<\/p><p class=\"translation-block\">In accordance with the foregoing, the personal data requested by <strong>Tecnofactory S.A.S.-BIC<\/strong> will be used, in agreement with each data subject, for the following purposes:<\/p><p><strong>Visitors<\/strong><\/p><p class=\"translation-block\">Personal data will be used to securely record and control entries and exits from our offices; Likewise, they may be used to address internal emergency plans in risk situations that arise during their stay at the <strong>Tecnofactory S.A.S.- BIC<\/strong> facilities.<\/p><p><strong>Customers and Suppliers<\/strong><\/p><p class=\"translation-block\">Personal data will be used to securely record and control entries and exits from our offices; Likewise, they may be used to address internal emergency plans in risk situations that arise during their stay at the <strong>Tecnofactory S.A.S.- BIC<\/strong> facilities.<\/p><p><strong>Employees<\/strong><\/p><p>Personal data will be used during your participation in the recruitment process and will be used for the following purposes: identification, location, communication, contact, and sending of information related to the potential hiring process and\/or, in the case of an employment relationship, civil or commercial, regarding the payment of salaries, benefits, and other remuneration stipulated in the employment contract, as well as its transmission to branches within and outside the country for the same purposes.<\/p><p><strong>VIDEO SURVEILLANCE<\/strong><\/p><p>Dear visitor and employee<strong>:<\/strong><\/p><p class=\"translation-block\">From this moment until you leave the facilities, you are being video recorded by the security cameras of <strong> Tecnofactory S.A.S.-BIC<\/strong>, the data controller.<\/p><p>The images and recordings made during your stay at our facilities will be used solely for the following purposes:<\/p><ol><li>Security, entry, and surveillance of our visitors and employees.<\/li><li>Conducting criminal or administrative investigations.<\/li><\/ol><div>\u00a0<\/div><p>Data subjects are informed that video surveillance data will be retained for a period of twenty (20) days and will only be shared by order of the competent authorities.<\/p><p>You may exercise your rights to (I) know, update, and rectify your data regarding information that is partial, inaccurate, incomplete, fragmented, or misleading; (II) request proof of this authorization; (III) be informed about the processing of your data; (IV) revoke the authorization and request the deletion of the data provided in accordance with Law 1581 of 2012; (V) access the data being processed free of charge.<\/p><p>For more information on the use of your personal data, please consult our <strong><em>Personal Data Processing Policy.<\/em><\/strong><\/p><p><strong>EXERCISE OF YOUR RIGHTS<\/strong><\/p><p>The data subject or his or her duly accredited legal representative has the right to: (I) know, update, and rectify his or her data regarding information that is partial, inaccurate, incomplete, fragmented, or misleading; (II) request proof of this authorization; (III) be informed about the processing of his or her data; (IV) revoke the authorization and request the deletion of the data provided under Law 1581 of 2012; (V) access the data being processed free of charge.<\/p><p><strong>HOW TO EXERCISE YOUR RIGHTS<\/strong><\/p><p>The aforementioned rights may be exercised through the following channels provided by <strong>Tecnofactory S.A.S.- BIC<\/strong>:<\/p><p>a) Carrera 13 No. 96-67. Office 309.<\/p><p>b) comercial@tecnofactory.com.co.<\/p>\t\t\t\t\t\t\t\t<\/div>\n\t\t\t\t<\/div>\n\t\t\t\t\t<\/div>\n\t\t\t\t<\/div>\n\t\t\t\t<\/div>","protected":false},"excerpt":{"rendered":"<p>Aviso de Privacidad Para Tecnofactory S.A.S. BIC, es muy importante la conservaci\u00f3n, protecci\u00f3n e integridad de los datos personales que usted has puesto a nuestra disposici\u00f3n. Aviso de privacidad de tecnofactory Tecnofactory S.A.S.- BIC., identificada con NIT 901184760-7, con direcci\u00f3n contractual Carrera 13 No 96-67. Oficina 309 de Bogot\u00e1 D.C., tel\u00e9fono +57 601 7434850 y correo electr\u00f3nico comercial@tecnofactory.com.co, en cumplimiento de la Ley Estatutaria del Habeas Data \u2013 Ley 1581 de 2012, su Decreto Reglamentario 1377 de 2013 y aquellas normas que los complementen, adicionen o modifiquen, se permite informar a todos los colaboradores, clientes, proveedores, personas naturales o jur\u00eddicas que, en cumplimiento de nuestra Pol\u00edtica de Protecci\u00f3n de Datos Personales y en funci\u00f3n de salvaguardar los derechos fundamentales del ejercicio del habeas data, los datos personales que los titulares de la informaci\u00f3n suministren ser\u00e1n utilizados en desarrollo de las funciones de la compa\u00f1\u00eda acorde a la relaci\u00f3n jur\u00eddica que se ostente con cada uno de estos. Para Tecnofactory S.A.S.- BIC, comprometida con el m\u00e1s estricto cumplimiento de la ley y la protecci\u00f3n de los derechos de las personas, como el habeas data, la privacidad, la intimidad, el buen nombre y la imagen; y en desarrollo de nuestra pol\u00edtica de responsabilidad total, es muy importante la conservaci\u00f3n, protecci\u00f3n e integridad de los datos personales que usted ha puesto a nuestra disposici\u00f3n. Conforme a lo anterior, los datos personales solicitados por Tecnofactory S.A.S.- BIC, ser\u00e1n utilizados, de acuerdo con cada titular, con el siguiente fin: Visitantes Los datos personales ser\u00e1n utilizados para tener un registro y control seguro de ingresos y salidas de nuestras oficinas; del mismo modo, podr\u00e1n ser utilizados para atender planes internos de emergencia en situaciones de riesgo presentadas durante su estad\u00eda en las instalaciones de Tecnofactory S.A.S.- BIC. Clientes proveedores Los datos personales ser\u00e1n utilizados para tener un registro y control seguro de ingresos y salidas de nuestras oficinas; del mismo modo, podr\u00e1n ser utilizados para atender planes internos de emergencia en situaciones de riesgo presentadas durante su estad\u00eda en las instalaciones de Tecnofactory S.A.S.- BIC. Colaboradores Los datos personales ser\u00e1n utilizados durante su participaci\u00f3n en el proceso de vinculaci\u00f3n de personal y tendr\u00e1n como finalidad: la identificaci\u00f3n, ubicaci\u00f3n, comunicaci\u00f3n, contacto y env\u00edo de informaci\u00f3n relacionada con el proceso de posible contrataci\u00f3n y\/o en caso de v\u00ednculo laboral, civil o comercial, con relaci\u00f3n al pago de salarios, prestaciones sociales y dem\u00e1s retribuciones consagradas en el contrato de trabajo, as\u00ed como su transmisi\u00f3n a sucursales dentro y fuera del pa\u00eds para los mismos fines. VIDEOVIGILANCIA ESTIMADO VISITANTE Y COLABORADOR: A partir de este momento y hasta que abandone las instalaciones usted est\u00e1 siendo videograbado por las c\u00e1maras de seguridad de Tecnofactory S.A.S.- BIC, responsable del tratamiento de datos personales. Las im\u00e1genes y registros efectuados durante su estad\u00eda a nuestras instalaciones ser\u00e1n utilizados \u00fanicamente con los siguientes fines: Seguridad, ingreso y vigilancia de nuestros visitantes y colaboradores. Pr\u00e1ctica de investigaciones penales o administrativas. \u00a0 Se informa a los titulares de la informaci\u00f3n que los datos de videovigilancia ser\u00e1n conservados por un per\u00edodo de veinte (20) d\u00edas y exclusivamente ser\u00e1n compartidos por orden de las autoridades competentes. Usted puede ejercer sus derechos de (I) conocer, actualizar y rectificar sus datos sobre informaci\u00f3n parcial, inexacta, incompleta, fraccionada o que induzca al error; (II) solicitar prueba de esta autorizaci\u00f3n; (III) ser informado(a) sobre el tratamiento dado a sus datos; (IV) revocar la autorizaci\u00f3n y solicitar la supresi\u00f3n de los datos suministrados en los t\u00e9rminos de la Ley 1581 de 2012; (VI) acceder gratuitamente a los datos objeto de tratamiento. Para m\u00e1s informaci\u00f3n sobre el uso de sus datos personales puede consultar nuestra Pol\u00edtica de Tratamiento de Datos Personales. EJERCICIO DE SUS DERECHOS El titular o su representante legal debidamente acreditado, tienen derecho a: (I) conocer, actualizar y rectificar sus datos sobre informaci\u00f3n parcial, inexacta, incompleta, fraccionada o que induzca al error; (II) solicitar prueba de esta autorizaci\u00f3n; (III) ser informado(a) sobre el tratamiento dado a sus datos; (IV) revocar la autorizaci\u00f3n y solicitar la supresi\u00f3n de los datos suministrados en los t\u00e9rminos de la Ley 1581 de 2012; (vi) acceder gratuitamente a los datos objeto de tratamiento. FORMA DE EJERCER SUS DERECHOS Los derechos antes mencionados podr\u00e1n ser ejercidos a trav\u00e9s de los siguientes canales dispuestos por Tecnofactory S.A.S.- BIC: a) Carrera 13 No 96-67. Oficina 309 . b) comercial@tecnofactory.com.co.<\/p>","protected":false},"author":1,"featured_media":0,"parent":0,"menu_order":0,"comment_status":"closed","ping_status":"closed","template":"","meta":{"footnotes":""},"class_list":["post-2123","page","type-page","status-publish","hentry"],"yoast_head":"<!-- This site is optimized with the Yoast SEO plugin v24.7 - https:\/\/yoast.com\/wordpress\/plugins\/seo\/ -->\n<title>Aviso de Privacidad - Tecnofactory<\/title>\n<meta name=\"description\" content=\"Aviso de privacidad de Tecnofactory: Comprometida con el m\u00e1s estricto cumplimiento de la ley y la protecci\u00f3n de los derechos de las personas.\" \/>\n<meta name=\"robots\" content=\"index, follow, max-snippet:-1, max-image-preview:large, max-video-preview:-1\" \/>\n<link rel=\"canonical\" href=\"https:\/\/tecnofactory.com.co\/en\/politica-de-privacidad\/\" \/>\n<meta property=\"og:locale\" content=\"en_US\" \/>\n<meta property=\"og:type\" content=\"article\" \/>\n<meta property=\"og:title\" content=\"Aviso de Privacidad - Tecnofactory\" \/>\n<meta property=\"og:description\" content=\"Aviso de privacidad de Tecnofactory: Comprometida con el m\u00e1s estricto cumplimiento de la ley y la protecci\u00f3n de los derechos de las personas.\" \/>\n<meta property=\"og:url\" content=\"https:\/\/tecnofactory.com.co\/en\/politica-de-privacidad\/\" \/>\n<meta property=\"og:site_name\" content=\"Tecnofactory\" \/>\n<meta property=\"article:modified_time\" content=\"2025-03-20T19:54:15+00:00\" \/>\n<meta name=\"twitter:card\" content=\"summary_large_image\" \/>\n<meta name=\"twitter:label1\" content=\"Est. reading time\" \/>\n\t<meta name=\"twitter:data1\" content=\"4 minutes\" \/>\n<script type=\"application\/ld+json\" class=\"yoast-schema-graph\">{\"@context\":\"https:\/\/schema.org\",\"@graph\":[{\"@type\":\"WebPage\",\"@id\":\"https:\/\/tecnofactory.com.co\/politica-de-privacidad\/\",\"url\":\"https:\/\/tecnofactory.com.co\/politica-de-privacidad\/\",\"name\":\"Aviso de Privacidad - Tecnofactory\",\"isPartOf\":{\"@id\":\"https:\/\/tecnofactory.com.co\/#website\"},\"datePublished\":\"2024-12-17T22:51:32+00:00\",\"dateModified\":\"2025-03-20T19:54:15+00:00\",\"description\":\"Aviso de privacidad de Tecnofactory: Comprometida con el m\u00e1s estricto cumplimiento de la ley y la protecci\u00f3n de los derechos de las personas.\",\"breadcrumb\":{\"@id\":\"https:\/\/tecnofactory.com.co\/politica-de-privacidad\/#breadcrumb\"},\"inLanguage\":\"en-US\",\"potentialAction\":[{\"@type\":\"ReadAction\",\"target\":[\"https:\/\/tecnofactory.com.co\/politica-de-privacidad\/\"]}]},{\"@type\":\"BreadcrumbList\",\"@id\":\"https:\/\/tecnofactory.com.co\/politica-de-privacidad\/#breadcrumb\",\"itemListElement\":[{\"@type\":\"ListItem\",\"position\":1,\"name\":\"Portada\",\"item\":\"https:\/\/tecnofactory.com.co\/\"},{\"@type\":\"ListItem\",\"position\":2,\"name\":\"Aviso de Privacidad\"}]},{\"@type\":\"WebSite\",\"@id\":\"https:\/\/tecnofactory.com.co\/#website\",\"url\":\"https:\/\/tecnofactory.com.co\/\",\"name\":\"Tecnofactory\",\"description\":\"Soluciones tecnol\u00f3gicas a la medida\",\"potentialAction\":[{\"@type\":\"SearchAction\",\"target\":{\"@type\":\"EntryPoint\",\"urlTemplate\":\"https:\/\/tecnofactory.com.co\/?s={search_term_string}\"},\"query-input\":{\"@type\":\"PropertyValueSpecification\",\"valueRequired\":true,\"valueName\":\"search_term_string\"}}],\"inLanguage\":\"en-US\"}]}<\/script>\n<!-- \/ Yoast SEO plugin. -->","yoast_head_json":{"title":"Aviso de Privacidad - Tecnofactory","description":"Aviso de privacidad de Tecnofactory: Comprometida con el m\u00e1s estricto cumplimiento de la ley y la protecci\u00f3n de los derechos de las personas.","robots":{"index":"index","follow":"follow","max-snippet":"max-snippet:-1","max-image-preview":"max-image-preview:large","max-video-preview":"max-video-preview:-1"},"canonical":"https:\/\/tecnofactory.com.co\/en\/politica-de-privacidad\/","og_locale":"en_US","og_type":"article","og_title":"Aviso de Privacidad - Tecnofactory","og_description":"Aviso de privacidad de Tecnofactory: Comprometida con el m\u00e1s estricto cumplimiento de la ley y la protecci\u00f3n de los derechos de las personas.","og_url":"https:\/\/tecnofactory.com.co\/en\/politica-de-privacidad\/","og_site_name":"Tecnofactory","article_modified_time":"2025-03-20T19:54:15+00:00","twitter_card":"summary_large_image","twitter_misc":{"Est. reading time":"4 minutes"},"schema":{"@context":"https:\/\/schema.org","@graph":[{"@type":"WebPage","@id":"https:\/\/tecnofactory.com.co\/politica-de-privacidad\/","url":"https:\/\/tecnofactory.com.co\/politica-de-privacidad\/","name":"Aviso de Privacidad - Tecnofactory","isPartOf":{"@id":"https:\/\/tecnofactory.com.co\/#website"},"datePublished":"2024-12-17T22:51:32+00:00","dateModified":"2025-03-20T19:54:15+00:00","description":"Aviso de privacidad de Tecnofactory: Comprometida con el m\u00e1s estricto cumplimiento de la ley y la protecci\u00f3n de los derechos de las personas.","breadcrumb":{"@id":"https:\/\/tecnofactory.com.co\/politica-de-privacidad\/#breadcrumb"},"inLanguage":"en-US","potentialAction":[{"@type":"ReadAction","target":["https:\/\/tecnofactory.com.co\/politica-de-privacidad\/"]}]},{"@type":"BreadcrumbList","@id":"https:\/\/tecnofactory.com.co\/politica-de-privacidad\/#breadcrumb","itemListElement":[{"@type":"ListItem","position":1,"name":"Portada","item":"https:\/\/tecnofactory.com.co\/"},{"@type":"ListItem","position":2,"name":"Aviso de Privacidad"}]},{"@type":"WebSite","@id":"https:\/\/tecnofactory.com.co\/#website","url":"https:\/\/tecnofactory.com.co\/","name":"Tecnofactory","description":"Soluciones tecnol\u00f3gicas a la medida","potentialAction":[{"@type":"SearchAction","target":{"@type":"EntryPoint","urlTemplate":"https:\/\/tecnofactory.com.co\/?s={search_term_string}"},"query-input":{"@type":"PropertyValueSpecification","valueRequired":true,"valueName":"search_term_string"}}],"inLanguage":"en-US"}]}},"_links":{"self":[{"href":"https:\/\/tecnofactory.com.co\/en\/wp-json\/wp\/v2\/pages\/2123","targetHints":{"allow":["GET"]}}],"collection":[{"href":"https:\/\/tecnofactory.com.co\/en\/wp-json\/wp\/v2\/pages"}],"about":[{"href":"https:\/\/tecnofactory.com.co\/en\/wp-json\/wp\/v2\/types\/page"}],"author":[{"embeddable":true,"href":"https:\/\/tecnofactory.com.co\/en\/wp-json\/wp\/v2\/users\/1"}],"replies":[{"embeddable":true,"href":"https:\/\/tecnofactory.com.co\/en\/wp-json\/wp\/v2\/comments?post=2123"}],"version-history":[{"count":61,"href":"https:\/\/tecnofactory.com.co\/en\/wp-json\/wp\/v2\/pages\/2123\/revisions"}],"predecessor-version":[{"id":8278,"href":"https:\/\/tecnofactory.com.co\/en\/wp-json\/wp\/v2\/pages\/2123\/revisions\/8278"}],"wp:attachment":[{"href":"https:\/\/tecnofactory.com.co\/en\/wp-json\/wp\/v2\/media?parent=2123"}],"curies":[{"name":"wp","href":"https:\/\/api.w.org\/{rel}","templated":true}]}}